{"id":733,"date":"2025-04-19T10:01:31","date_gmt":"2025-04-19T08:01:31","guid":{"rendered":"https:\/\/cyrknop.fr\/?page_id=733"},"modified":"2025-05-08T11:28:08","modified_gmt":"2025-05-08T09:28:08","slug":"infos-pratiques-2025","status":"publish","type":"page","link":"https:\/\/cyrknop.fr\/index.php\/festival\/infos-pratiques-2025\/","title":{"rendered":"Infos pratiques 2025"},"content":{"rendered":"<p>[vc_row][vc_column][vc_column_text]<\/p>\n<h2><strong>Tarifs &amp; R\u00e9servations :<\/strong><\/h2>\n<p><strong>Cabaret \u00e9ph\u00e9m\u00e8re (7 mai) <\/strong><br \/>\nAdultes : 12\u20ac, r\u00e9duit (ch\u00f4meurs, minima sociaux) : 9\u20ac,<br \/>\nenfants de moins de 12 ans : 6\u20ac<br \/>\nPas de r\u00e9servation, places limit\u00e9es sous chapiteau<\/p>\n<p><strong>Br\u00ebn Cirque (8 au 11 mai) <\/strong><br \/>\nAdultes : 12\u20ac, r\u00e9duit (ch\u00f4meurs, minima sociaux) : 10\u20ac,<br \/>\nenfants de moins de 12 ans : 8\u20ac<br \/>\nR\u00e9servation\u00a0 par mail: brencirque@gmail.com \/ 06 69 06 59 05<\/p>\n<p>R\u00e9servation\u00a0 par helloasso: <a href=\"https:\/\/www.helloasso.com\/associations\/bren-cirque\/evenements\/bren-cirque-la-vieille-methode-moderne-pilles-sous-les-etoiles-2025\"><strong>cliquez\u00a0 ici<\/strong><\/a><\/p>\n<p><strong>Cie Ratibus (9 mai) <\/strong><br \/>\nAu chapeau<br \/>\nPas de r\u00e9servation, places limit\u00e9es sous chapiteau<\/p>\n<p><strong>Cie Courcirkoui et Cie Zec (10 mai)<\/strong><br \/>\nEn ext\u00e9rieur au chapeau<\/p>\n<p>Attention ! pas de CB<br \/>\nPensez \u00e0 venir en avance pour assurer votre place ! Billetterie ouverte 1h avant les spectacles<\/p>\n<p>&nbsp;<\/p>\n<h2><strong>Contact :<\/strong><\/h2>\n<p><strong>cyrk nop<\/strong><\/p>\n<p>Mail : contact@cyrknop.fr<br \/>\nT\u00e9l\u00e9phone : 06 81 30 18 18<\/p>\n<p><strong>Br\u00ebn cirque<\/strong><\/p>\n<p>T\u00e9l\u00e9phone : 06 69 06 59 05<\/p>\n<p>&nbsp;<\/p>\n<p>&nbsp;<\/p>\n<h2><strong>Restauration &amp; buvette :<\/strong><\/h2>\n<p>Le festival propose de la restauration et la buvette sera ouverte avant et apr\u00e8s les spectacles ! Assiettes, sandwichs, frites, cr\u00eapes,&#8230;<\/p>\n<p>Tout fait maison et avec amour !<\/p>\n<p>&nbsp;<\/p>\n<h2><strong>Trouver le festival :<\/strong><\/h2>\n<p>Le festival se d\u00e9roule dans le village des Pilles (26110) qui se trouve \u00e0 6 km de Nyons (direction Gap sur la RD94).<\/p>\n<p>Sur place laissez vous guider par le fl\u00e9chage.<\/p>\n<p>Le parking principal se trouve en bord de route \u00e0 la sortie Est du village (direction Gap), juste au-dessus du festival. C&rsquo;est le m\u00eame que pour le march\u00e9 producteurs du lundi.[\/vc_column_text][\/vc_column][\/vc_row]<\/p>\n","protected":false},"excerpt":{"rendered":"<p>[vc_row][vc_column][vc_column_text] Tarifs &amp; R\u00e9servations : Cabaret \u00e9ph\u00e9m\u00e8re (7 mai) Adultes : 12\u20ac, r\u00e9duit (ch\u00f4meurs, minima sociaux) : 9\u20ac, enfants de moins de 12 ans : 6\u20ac Pas de r\u00e9servation, places limit\u00e9es sous chapiteau Br\u00ebn Cirque (8 au 11 mai) Adultes : 12\u20ac, r\u00e9duit (ch\u00f4meurs, minima sociaux) : 10\u20ac, enfants de moins de 12 ans : [&hellip;]<\/p>\n","protected":false},"author":6,"featured_media":251,"parent":47,"menu_order":1,"comment_status":"closed","ping_status":"closed","template":"","meta":[],"_links":{"self":[{"href":"https:\/\/cyrknop.fr\/index.php\/wp-json\/wp\/v2\/pages\/733"}],"collection":[{"href":"https:\/\/cyrknop.fr\/index.php\/wp-json\/wp\/v2\/pages"}],"about":[{"href":"https:\/\/cyrknop.fr\/index.php\/wp-json\/wp\/v2\/types\/page"}],"author":[{"embeddable":true,"href":"https:\/\/cyrknop.fr\/index.php\/wp-json\/wp\/v2\/users\/6"}],"replies":[{"embeddable":true,"href":"https:\/\/cyrknop.fr\/index.php\/wp-json\/wp\/v2\/comments?post=733"}],"version-history":[{"count":11,"href":"https:\/\/cyrknop.fr\/index.php\/wp-json\/wp\/v2\/pages\/733\/revisions"}],"predecessor-version":[{"id":812,"href":"https:\/\/cyrknop.fr\/index.php\/wp-json\/wp\/v2\/pages\/733\/revisions\/812"}],"up":[{"embeddable":true,"href":"https:\/\/cyrknop.fr\/index.php\/wp-json\/wp\/v2\/pages\/47"}],"wp:featuredmedia":[{"embeddable":true,"href":"https:\/\/cyrknop.fr\/index.php\/wp-json\/wp\/v2\/media\/251"}],"wp:attachment":[{"href":"https:\/\/cyrknop.fr\/index.php\/wp-json\/wp\/v2\/media?parent=733"}],"curies":[{"name":"wp","href":"https:\/\/api.w.org\/{rel}","templated":true}]}}