{"id":653,"date":"2024-04-19T07:53:10","date_gmt":"2024-04-19T05:53:10","guid":{"rendered":"https:\/\/cyrknop.fr\/?page_id=653"},"modified":"2025-04-07T13:49:06","modified_gmt":"2025-04-07T11:49:06","slug":"programme-2024","status":"publish","type":"page","link":"https:\/\/cyrknop.fr\/index.php\/festival\/programme-2024\/","title":{"rendered":"archive 2024"},"content":{"rendered":"<p>[vc_row][vc_column width=\u00a0\u00bb1\/2&Prime;][vc_custom_heading text=\u00a0\u00bbmercredi<br \/>\n8 mai \u00e0 18h\u00a0\u00bb font_container=\u00a0\u00bbtag:h2|text_align:center\u00a0\u00bb css=\u00a0\u00bb.vc_custom_1713504303331{background-color: #f7b90e !important;}\u00a0\u00bb]<div class=\"ult-new-ib ult-ib-effect-style1  ult-ib-resp  \" data-min-width=\"768\" data-max-width=\"900\" style=\"background:#dd9933;\" data-opacity=\"1\" data-hover-opacity=\"0.1\" ><img class=\"ult-new-ib-img\" style=\"opacity:1;\" alt=\"null\" src=\"https:\/\/cyrknop.fr\/wp-content\/uploads\/2024\/04\/programme_circlips-1.jpg\"   \/><div id=\"interactive-banner-wrap-3110\" class=\"ult-new-ib-desc\" style=\"\"><h2 class=\"ult-new-ib-title ult-responsive\"  data-ultimate-target='#interactive-banner-wrap-3110 .ult-new-ib-title'  data-responsive-json-new='{\"font-size\":\"\",\"line-height\":\"\"}'  style=\"font-weight:normal;\">Compagnie Circlips ``\u00e9clats de vies``<\/h2><div class=\"ult-new-ib-content ult-responsive\"  data-ultimate-target='#interactive-banner-wrap-3110 .ult-new-ib-content'  data-responsive-json-new='{\"font-size\":\"\",\"line-height\":\"\"}'  style=\"font-weight:normal;\"><p>18h - place de la jardini\u00e8re<\/p>\n<p>A\u00e9riens, trap\u00e8ze ballant<br \/>\nLe spectacle donne \u00e0 entendre des morceaux choisis de fragments collect\u00e9s aupr\u00e8s de publics de tous \u00e2ges, mis en sc\u00e8ne, en corps... en l\u2019air par deux acrobates, des masques et une marionnette.<br \/>\nCes \u00e9clats viennent livrer avec humour, tendresse, et po\u00e9sie des r\u00e9flexions sur la vie, le passage du temps, les liens qui nous unissent aux autres.<\/p><\/div><\/div><\/div><script type=\"text\/javascript\">\r\n\t\t\t(function($){\r\n\t\t\t\t$(document).ready(function(){\r\n\t\t\t\t\t$(\".ult-new-ib\").css(\"opacity\",\"1\");\r\n\t\t\t\t});\r\n\t\t\t})(jQuery);\r\n\t\t\t<\/script>[\/vc_column][vc_column width=\u00a0\u00bb1\/2&Prime;][vc_custom_heading text=\u00a0\u00bbmercredi<br \/>\n8 mai \u00e0 20h30&Prime; font_container=\u00a0\u00bbtag:h2|text_align:center\u00a0\u00bb css=\u00a0\u00bb.vc_custom_1713507368715{background-color: #f7b90e !important;}\u00a0\u00bb]<div class=\"ult-new-ib ult-ib-effect-style1  ult-ib-resp  \" data-min-width=\"768\" data-max-width=\"900\" style=\"background:#dd9933;\" data-opacity=\"1\" data-hover-opacity=\"0.1\" ><img class=\"ult-new-ib-img\" style=\"opacity:1;\" alt=\"null\" src=\"https:\/\/cyrknop.fr\/wp-content\/uploads\/2024\/04\/programme_circlips2-1.jpg\"   \/><div id=\"interactive-banner-wrap-3859\" class=\"ult-new-ib-desc\" style=\"\"><h2 class=\"ult-new-ib-title ult-responsive\"  data-ultimate-target='#interactive-banner-wrap-3859 .ult-new-ib-title'  data-responsive-json-new='{\"font-size\":\"\",\"line-height\":\"\"}'  style=\"font-weight:normal;\">Cabaret Ephemere<\/h2><div class=\"ult-new-ib-content ult-responsive\"  data-ultimate-target='#interactive-banner-wrap-3859 .ult-new-ib-content'  data-responsive-json-new='{\"font-size\":\"\",\"line-height\":\"\"}'  style=\"font-weight:normal;\"><p>20h30 cabaret \u00e9ph\u00e9m\u00e8re (chapiteau Cyrk Nop)<br \/>\nDe nombreux artistes d'ici et d'ailleurs vous embarqueront pour une soir\u00e9e one shot. Spectacle issues de rencontres spontan\u00e9es entre artistes de diff\u00e9rentes disciplines Acrobates, trap\u00e9zistes, musiciens, danseurs, plasticiens et autres fantaisistes.<br \/>\nEntre cr\u00e9ation et improvisation ce cabaret in\u00e9dit ne se jouera qu'une fois\u2026 ne le ratez-pas...<\/p><\/div><\/div><\/div><script type=\"text\/javascript\">\r\n\t\t\t(function($){\r\n\t\t\t\t$(document).ready(function(){\r\n\t\t\t\t\t$(\".ult-new-ib\").css(\"opacity\",\"1\");\r\n\t\t\t\t});\r\n\t\t\t})(jQuery);\r\n\t\t\t<\/script>[\/vc_column][\/vc_row][vc_row][vc_column width=\u00a0\u00bb1\/4&Prime;][vc_custom_heading text=\u00a0\u00bbjeudi<br \/>\n9 mai \u00e0 20h30&Prime; font_container=\u00a0\u00bbtag:h2|text_align:center\u00a0\u00bb css=\u00a0\u00bb.vc_custom_1713505495782{background-color: #f7b90e !important;}\u00a0\u00bb]<div class=\"ult-new-ib ult-ib-effect-style1  ult-ib-resp  \" data-min-width=\"768\" data-max-width=\"900\" style=\"background:#dd9933;\" data-opacity=\"1\" data-hover-opacity=\"0.1\" ><img class=\"ult-new-ib-img\" style=\"opacity:1;\" alt=\"null\" src=\"https:\/\/cyrknop.fr\/wp-content\/uploads\/2024\/04\/machefer-1.jpg\"   \/><div id=\"interactive-banner-wrap-7040\" class=\"ult-new-ib-desc\" style=\"\"><h2 class=\"ult-new-ib-title ult-responsive\"  data-ultimate-target='#interactive-banner-wrap-7040 .ult-new-ib-title'  data-responsive-json-new='{\"font-size\":\"\",\"line-height\":\"\"}'  style=\"font-weight:normal;\">Cirque plaisir ``Machefer``<\/h2><div class=\"ult-new-ib-content ult-responsive\"  data-ultimate-target='#interactive-banner-wrap-7040 .ult-new-ib-content'  data-responsive-json-new='{\"font-size\":\"\",\"line-height\":\"\"}'  style=\"font-weight:normal;\"><p>Le cirque plaisir est l\u00e0, chez vous, pour vous, et on parie que vous n'avez jamais vu un truc comme \u00e7a !<br \/>\nChez nous, il y a des porteuses et des voltigeurs, de la corde lisse et de la capilotraction, des danseurs sur fil souple et des musiciens volants, des cascadeurs maladroits et un vieille 405 qu'a pas un pet de jeu, de la fum\u00e9e et du violoncelle, des po\u00e8mes et du Rock'n'Roll pour vous raconter mille histoires\u2026<br \/>\nDes histoires qu'on s'en fiche que ce soit vrai du moment que c'est beau.<br \/>\nUne fresque po\u00e9tique et ridicule port\u00e9e par la magie du chapiteau.<br \/>\nUn spectacle actuel et joyeux, envelopp\u00e9 de musique live jou\u00e9e par toutes et par tous.<\/p><\/div><\/div><\/div><script type=\"text\/javascript\">\r\n\t\t\t(function($){\r\n\t\t\t\t$(document).ready(function(){\r\n\t\t\t\t\t$(\".ult-new-ib\").css(\"opacity\",\"1\");\r\n\t\t\t\t});\r\n\t\t\t})(jQuery);\r\n\t\t\t<\/script>[\/vc_column][vc_column width=\u00a0\u00bb1\/4&Prime;][vc_custom_heading text=\u00a0\u00bbvendredi<br \/>\n10 mai \u00e0 20h30&Prime; font_container=\u00a0\u00bbtag:h2|text_align:center\u00a0\u00bb css=\u00a0\u00bb.vc_custom_1713505742949{background-color: #f7b90e !important;}\u00a0\u00bb]<div class=\"ult-new-ib ult-ib-effect-style1  ult-ib-resp  \" data-min-width=\"768\" data-max-width=\"900\" style=\"background:#dd9933;\" data-opacity=\"1\" data-hover-opacity=\"0.1\" ><img class=\"ult-new-ib-img\" style=\"opacity:1;\" alt=\"null\" src=\"https:\/\/cyrknop.fr\/wp-content\/uploads\/2024\/04\/machefer-1.jpg\"   \/><div id=\"interactive-banner-wrap-6304\" class=\"ult-new-ib-desc\" style=\"\"><h2 class=\"ult-new-ib-title ult-responsive\"  data-ultimate-target='#interactive-banner-wrap-6304 .ult-new-ib-title'  data-responsive-json-new='{\"font-size\":\"\",\"line-height\":\"\"}'  style=\"font-weight:normal;\">Cirque plaisir ``Machefer``<\/h2><div class=\"ult-new-ib-content ult-responsive\"  data-ultimate-target='#interactive-banner-wrap-6304 .ult-new-ib-content'  data-responsive-json-new='{\"font-size\":\"\",\"line-height\":\"\"}'  style=\"font-weight:normal;\"><p>Le cirque plaisir est l\u00e0, chez vous, pour vous, et on parie que vous n'avez jamais vu un truc comme \u00e7a !<br \/>\nChez nous, il y a des porteuses et des voltigeurs, de la corde lisse et de la capilotraction, des danseurs sur fil souple et des musiciens volants, des cascadeurs maladroits et un vieille 405 qu'a pas un pet de jeu, de la fum\u00e9e et du violoncelle, des po\u00e8mes et du Rock'n'Roll pour vous raconter mille histoires\u2026<br \/>\nDes histoires qu'on s'en fiche que ce soit vrai du moment que c'est beau.<br \/>\nUne fresque po\u00e9tique et ridicule port\u00e9e par la magie du chapiteau.<br \/>\nUn spectacle actuel et joyeux, envelopp\u00e9 de musique live jou\u00e9e par toutes et par tous.<\/p><\/div><\/div><\/div><script type=\"text\/javascript\">\r\n\t\t\t(function($){\r\n\t\t\t\t$(document).ready(function(){\r\n\t\t\t\t\t$(\".ult-new-ib\").css(\"opacity\",\"1\");\r\n\t\t\t\t});\r\n\t\t\t})(jQuery);\r\n\t\t\t<\/script>[\/vc_column][vc_column width=\u00a0\u00bb1\/4&Prime;][vc_custom_heading text=\u00a0\u00bbsamedi<br \/>\n11 mai \u00e0 20h30&Prime; font_container=\u00a0\u00bbtag:h2|text_align:center\u00a0\u00bb css=\u00a0\u00bb.vc_custom_1713505759572{background-color: #f7b90e !important;}\u00a0\u00bb]<div class=\"ult-new-ib ult-ib-effect-style1  ult-ib-resp  \" data-min-width=\"768\" data-max-width=\"900\" style=\"background:#dd9933;\" data-opacity=\"1\" data-hover-opacity=\"0.1\" ><img class=\"ult-new-ib-img\" style=\"opacity:1;\" alt=\"null\" src=\"https:\/\/cyrknop.fr\/wp-content\/uploads\/2024\/04\/machefer-1.jpg\"   \/><div id=\"interactive-banner-wrap-1142\" class=\"ult-new-ib-desc\" style=\"\"><h2 class=\"ult-new-ib-title ult-responsive\"  data-ultimate-target='#interactive-banner-wrap-1142 .ult-new-ib-title'  data-responsive-json-new='{\"font-size\":\"\",\"line-height\":\"\"}'  style=\"font-weight:normal;\">Cirque plaisir ``Machefer``<\/h2><div class=\"ult-new-ib-content ult-responsive\"  data-ultimate-target='#interactive-banner-wrap-1142 .ult-new-ib-content'  data-responsive-json-new='{\"font-size\":\"\",\"line-height\":\"\"}'  style=\"font-weight:normal;\"><p>Le cirque plaisir est l\u00e0, chez vous, pour vous, et on parie que vous n'avez jamais vu un truc comme \u00e7a !<br \/>\nChez nous, il y a des porteuses et des voltigeurs, de la corde lisse et de la capilotraction, des danseurs sur fil souple et des musiciens volants, des cascadeurs maladroits et un vieille 405 qu'a pas un pet de jeu, de la fum\u00e9e et du violoncelle, des po\u00e8mes et du Rock'n'Roll pour vous raconter mille histoires\u2026<br \/>\nDes histoires qu'on s'en fiche que ce soit vrai du moment que c'est beau.<br \/>\nUne fresque po\u00e9tique et ridicule port\u00e9e par la magie du chapiteau.<br \/>\nUn spectacle actuel et joyeux, envelopp\u00e9 de musique live jou\u00e9e par toutes et par tous.<\/p><\/div><\/div><\/div><script type=\"text\/javascript\">\r\n\t\t\t(function($){\r\n\t\t\t\t$(document).ready(function(){\r\n\t\t\t\t\t$(\".ult-new-ib\").css(\"opacity\",\"1\");\r\n\t\t\t\t});\r\n\t\t\t})(jQuery);\r\n\t\t\t<\/script>[\/vc_column][vc_column width=\u00a0\u00bb1\/4&Prime;][vc_custom_heading text=\u00a0\u00bbdimanche<br \/>\n12 mai \u00e0 17h\u00a0\u00bb font_container=\u00a0\u00bbtag:h2|text_align:center\u00a0\u00bb css=\u00a0\u00bb.vc_custom_1713505980212{background-color: #f7b90e !important;}\u00a0\u00bb]<div class=\"ult-new-ib ult-ib-effect-style1  ult-ib-resp  \" data-min-width=\"768\" data-max-width=\"900\" style=\"background:#dd9933;\" data-opacity=\"1\" data-hover-opacity=\"0.1\" ><img class=\"ult-new-ib-img\" style=\"opacity:1;\" alt=\"null\" src=\"https:\/\/cyrknop.fr\/wp-content\/uploads\/2024\/04\/machefer-1.jpg\"   \/><div id=\"interactive-banner-wrap-1334\" class=\"ult-new-ib-desc\" style=\"\"><h2 class=\"ult-new-ib-title ult-responsive\"  data-ultimate-target='#interactive-banner-wrap-1334 .ult-new-ib-title'  data-responsive-json-new='{\"font-size\":\"\",\"line-height\":\"\"}'  style=\"font-weight:normal;\">Cirque plaisir ``Machefer``<\/h2><div class=\"ult-new-ib-content ult-responsive\"  data-ultimate-target='#interactive-banner-wrap-1334 .ult-new-ib-content'  data-responsive-json-new='{\"font-size\":\"\",\"line-height\":\"\"}'  style=\"font-weight:normal;\"><p>Le cirque plaisir est l\u00e0, chez vous, pour vous, et on parie que vous n'avez jamais vu un truc comme \u00e7a !<br \/>\nChez nous, il y a des porteuses et des voltigeurs, de la corde lisse et de la capilotraction, des danseurs sur fil souple et des musiciens volants, des cascadeurs maladroits et un vieille 405 qu'a pas un pet de jeu, de la fum\u00e9e et du violoncelle, des po\u00e8mes et du Rock'n'Roll pour vous raconter mille histoires\u2026<br \/>\nDes histoires qu'on s'en fiche que ce soit vrai du moment que c'est beau.<br \/>\nUne fresque po\u00e9tique et ridicule port\u00e9e par la magie du chapiteau.<br \/>\nUn spectacle actuel et joyeux, envelopp\u00e9 de musique live jou\u00e9e par toutes et par tous.<\/p><\/div><\/div><\/div><script type=\"text\/javascript\">\r\n\t\t\t(function($){\r\n\t\t\t\t$(document).ready(function(){\r\n\t\t\t\t\t$(\".ult-new-ib\").css(\"opacity\",\"1\");\r\n\t\t\t\t});\r\n\t\t\t})(jQuery);\r\n\t\t\t<\/script>[\/vc_column][\/vc_row][vc_row][vc_column width=\u00a0\u00bb1\/2&Prime;][\/vc_column][\/vc_row][vc_row][vc_column][vc_custom_heading text=\u00a0\u00bbLe programme du festival 2024&Prime; font_container=\u00a0\u00bbtag:h2|text_align:center\u00a0\u00bb css=\u00a0\u00bb.vc_custom_1713506164068{background-color: #f7b90e !important;}\u00a0\u00bb][vc_single_image image=\u00a0\u00bb664&Prime; alignment=\u00a0\u00bbcenter\u00a0\u00bb]<div id=\"ultib3-126870763069e3214d5be71\" class=\" ultb3-box ult-adjust-bottom-margin  \" style=\"\"><div class=\"ultb3-box-overlay\" style=\"background:#ffffff;\"><\/div><div id=\"Info-banner-wrap8333\" class=\"ultb3-info ib3-info-center\" data-animation=\"\" data-animation-delay=\"03\"><a href=\"https:\/\/cyrknop.fr\/wp-content\/uploads\/2024\/04\/flyer_psle_2024.pdf\" title=\"flyer pilles sous les \u00e9toiles 2024\"  class=\"ultb3-btn ult-responsive\"  data-ultimate-target='#Info-banner-wrap8333 .ultb3-btn'  data-responsive-json-new='{\"font-size\":\"\",\"line-height\":\"\"}'  style=\"font-weight:normal;\">T\u00e9l\u00e9chargez- le ici<i class=\"Defaults-angle-right\"><\/i><\/a><\/div><\/div><style>\r\n\t\t\t\t\t#ultib3-126870763069e3214d5be71 {\r\n\t\t\t\t\t\tmin-height:50px;\r\n\t\t\t\t\t}\r\n\t\t\t\t\t#ultib3-126870763069e3214d5be71 img.ultb3-img {\r\n\t\t\t\t\t\theight: px;\r\n\t\t\t\t\t}\r\n\t\t\t\t\t#ultib3-126870763069e3214d5be71 .ultb3-btn {\r\n\t\t\t\t\t\tborder:2px solid #1e73be;border-radius:50px;color:#898989;\r\n\t\t\t\t\t}\r\n\t\t\t\t\t#ultib3-126870763069e3214d5be71 .ultb3-btn:hover {\r\n\t\t\t\t\t\tbackground:#1e73be;color:#ffffff;\r\n\t\t\t\t\t}\r\n\t\t\t\t<\/style>[vc_custom_heading text=\u00a0\u00bbd\u00e9tails du programme\u00a0\u00bb font_container=\u00a0\u00bbtag:h2|text_align:center\u00a0\u00bb css=\u00a0\u00bb.vc_custom_1624601769346{background-color: #f7b90e !important;}\u00a0\u00bb][vc_column_text]La 5\u00e8me \u00e9dition du festival \u00ab\u00a0Pilles sous les \u00e9toiles\u00a0\u00bb vous propose :<br \/>\n<a href=\"#circlips\">mercredi 8<\/a> &#8211; <a href=\"#machefer\">jeudi 9<\/a> &#8211; <a href=\"#machefer\">vendredi 10<\/a> &#8211; <a href=\"#machefer\">samedi 11<\/a> &#8211; <a href=\"#machefer\">dimanche 12<\/a>[\/vc_column_text][vc_custom_heading text=\u00a0\u00bbTOUS LES JOURS : buvette et restauration sur le site !!\u00a0\u00bb font_container=\u00a0\u00bbtag:h2|text_align:center\u00a0\u00bb][\/vc_column][\/vc_row][vc_row][vc_column][vc_custom_heading text=\u00a0\u00bbmercredi<br \/>\n8 mai \u00e0 20h30&Prime; font_container=\u00a0\u00bbtag:h2|text_align:center\u00a0\u00bb css=\u00a0\u00bb.vc_custom_1713506677806{background-color: #f7b90e !important;}\u00a0\u00bb][vc_column_text]<\/p>\n<h2><strong>Compagnie Circlips \u00ab\u00a0\u00e9clats de vies\u00a0\u00bb 18h<br \/>\n<\/strong><\/h2>\n<p id=\"circlips\"><a href=\"http:\/\/compagnie.circlips.free.fr\/accueil.htm\"><strong>compagnie circlips<\/strong><\/a><\/p>\n<p>place de la jardin\u00e8re,<\/p>\n<p><span style=\"font-size: medium;\">A\u00e9riens, trap\u00e8ze ballant<\/span><\/p>\n<p>Un spectacle pour l&rsquo;ext\u00e9rieur, tout public, de cirque et marionnette&#8230;<\/p>\n<p>&#8230; sur la transformation de soi et du lien \u00e0 l&rsquo;autre.<\/p>\n<p>De la travers\u00e9e d&rsquo;une existence : naissance, transformations, secondes d&rsquo;\u00e9ternit\u00e9, ralentissement, extinction&#8230; nous extrayons l&rsquo;essence.<\/p>\n<p>Confronter la capacit\u00e9 d&rsquo;\u00e9merveillement de l&rsquo;enfance, au courage de la maturit\u00e9, ou \u00e0 la courbure de l&rsquo;\u00e2ge&#8230; et les transformations dans notre relation \u00e0 l&rsquo;autre: tour \u00e0 tour d\u00e9pendant, tout-puissant, puis d\u00e9pendant \u00e0 nouveau&#8230;<\/p>\n<p>&nbsp;<\/p>\n<p>interpr\u00e9tation:<\/p>\n<ul>\n<li>Marina Felix<\/li>\n<li>Elsa Bishop<\/li>\n<\/ul>\n<p>Mis en sc\u00e8ne par: Camille Richard<br \/>\nRegard marionnette: Yoanelle Stratmann<br \/>\nle site de circlips:<\/p>\n<p><a href=\"http:\/\/compagnie.circlips.free.fr\/spectEV.htm\">http:\/\/compagnie.circlips.free.fr\/spectEV.htm<\/a>[\/vc_column_text][vc_column_text]<\/p>\n<h2><strong>Cabaret \u00e9ph\u00e9m\u00e8re<\/strong> \u00e0 20 h 30<\/h2>\n<p>sous le chapiteau de cryk nop,<\/p>\n<p>Ce cabaret, qui a fait ses preuves aux pr\u00e9c\u00e9dentes \u00e9ditions et ravi un chapiteau plein \u00e0 craquer, est le fruit de la rencontre spontan\u00e9e d&rsquo;une vingtaine d&rsquo;artistes : circassiens, plasticiens, danseurs, musiciens, etc. qui travaillent conjointement \u00e0 des num\u00e9ros pr\u00e9par\u00e9s au pr\u00e9alable&#8230;[\/vc_column_text][\/vc_column][\/vc_row][vc_row][vc_column][vc_custom_heading text=\u00a0\u00bbjeudi 9 20h30 &#8211; vendredi 10 20h30 &#8211; samedi 11 20h30 &#8211; dimanche 12 17h\u00a0\u00bb font_container=\u00a0\u00bbtag:h2|text_align:center\u00a0\u00bb css=\u00a0\u00bb.vc_custom_1713593812592{background-color: #f7b90e !important;}\u00a0\u00bb][vc_column_text]<\/p>\n<p id=\"machefer\"><a href=\"https:\/\/www.cirqueplaisir.com\/#spectacles\"><strong>Cirque Plaisir : Machefer&rsquo;<\/strong><\/a><\/p>\n<p>Dans la grande chaleur<br \/>\nDans la collision de nos r\u00eaves<br \/>\nC&rsquo;est l\u00e0 qu&rsquo;appara\u00eet le M\u00e2chefer<\/p>\n<p>Une grande bouche rouge et noire insatiable qui d\u00e9verse autant qu&rsquo;elle avale des histoires.<br \/>\nMilles histoires, qu&rsquo;on s&rsquo;en fiche que ce soit vrai du moment que c&rsquo;est beau.<br \/>\nUne fresque po\u00e9tique et ridicule port\u00e9e par la magie du chapiteau et envelopp\u00e9e de musique live.<\/p>\n<p>Depuis juillet 2022, Le Cabaret M\u00e2chefer s&rsquo;installe de villes en villes.<br \/>\nApr\u00e8s 110 dates dans toute la France et un grand rafra\u00eechissement hivernal, il repart sur les routes &#8230;<br \/>\n\u200d<br \/>\nLe Cirque plaisir propose un spectacle prot\u00e9iforme, ou les corps et les mots se m\u00e9langes, et ou la musique, compos\u00e9e et interpr\u00e9t\u00e9e par tous et toutes, devient notre fil conducteur.<br \/>\nNous avons voulut un spectacle \u00e0 l&rsquo;exigence populaire, qui ne triche pas avec ses \u00e9motions et qui se glisse partout m\u00eame la ou on ne l&rsquo;invite pas &#8230;<br \/>\nNous accueillons le public avant le spectacle, ou il peut se restaurer, s&rsquo;abreuver, et puis apr\u00e8s aussi, la ou nous pouvons ensemble nous d\u00e9maquillez, faire tomber les masques et la distance pour se rencontrer un petit peu, ou beaucoup, ou pas du tout &#8230;[\/vc_column_text][vc_video link=\u00a0\u00bbhttps:\/\/youtu.be\/YSOsTGrbUks?si\u00a0\u00bb title=\u00a0\u00bbLe Cirque Plaisir &#8211; Documentaire (2024)\u00a0\u00bb][vc_row_inner][vc_column_inner width=\u00a0\u00bb1\/4&Prime;][vc_single_image image=\u00a0\u00bb671&Prime; img_size=\u00a0\u00bbmedium\u00a0\u00bb onclick=\u00a0\u00bblink_image\u00a0\u00bb][\/vc_column_inner][vc_column_inner width=\u00a0\u00bb1\/4&Prime;][vc_single_image image=\u00a0\u00bb682&Prime; img_size=\u00a0\u00bbmedium\u00a0\u00bb onclick=\u00a0\u00bblink_image\u00a0\u00bb][\/vc_column_inner][vc_column_inner width=\u00a0\u00bb1\/4&Prime;][vc_single_image image=\u00a0\u00bb697&Prime; img_size=\u00a0\u00bbmedium\u00a0\u00bb onclick=\u00a0\u00bblink_image\u00a0\u00bb][\/vc_column_inner][vc_column_inner width=\u00a0\u00bb1\/4&Prime;][vc_single_image image=\u00a0\u00bb672&Prime; img_size=\u00a0\u00bbmedium\u00a0\u00bb onclick=\u00a0\u00bblink_image\u00a0\u00bb][\/vc_column_inner][\/vc_row_inner][\/vc_column][\/vc_row][vc_row][vc_column][vc_custom_heading text=\u00a0\u00bbTOUS LES JOURS : buvette et restauration sur le site !!\u00a0\u00bb font_container=\u00a0\u00bbtag:h2|text_align:center\u00a0\u00bb css=\u00a0\u00bb.vc_custom_1602189536881{background-color: #ffffff !important;}\u00a0\u00bb][\/vc_column][\/vc_row]<\/p>\n","protected":false},"excerpt":{"rendered":"<p>[vc_row][vc_column width=\u00a0\u00bb1\/2&Prime;][vc_custom_heading text=\u00a0\u00bbmercredi 8 mai \u00e0 18h\u00a0\u00bb font_container=\u00a0\u00bbtag:h2|text_align:center\u00a0\u00bb css=\u00a0\u00bb.vc_custom_1713504303331{background-color: #f7b90e !important;}\u00a0\u00bb][\/vc_column][vc_column width=\u00a0\u00bb1\/2&Prime;][vc_custom_heading text=\u00a0\u00bbmercredi 8 mai \u00e0 20h30&Prime; font_container=\u00a0\u00bbtag:h2|text_align:center\u00a0\u00bb css=\u00a0\u00bb.vc_custom_1713507368715{background-color: #f7b90e !important;}\u00a0\u00bb][\/vc_column][\/vc_row][vc_row][vc_column width=\u00a0\u00bb1\/4&Prime;][vc_custom_heading text=\u00a0\u00bbjeudi 9 mai \u00e0 20h30&Prime; font_container=\u00a0\u00bbtag:h2|text_align:center\u00a0\u00bb css=\u00a0\u00bb.vc_custom_1713505495782{background-color: #f7b90e !important;}\u00a0\u00bb][\/vc_column][vc_column width=\u00a0\u00bb1\/4&Prime;][vc_custom_heading text=\u00a0\u00bbvendredi 10 mai \u00e0 20h30&Prime; font_container=\u00a0\u00bbtag:h2|text_align:center\u00a0\u00bb css=\u00a0\u00bb.vc_custom_1713505742949{background-color: #f7b90e !important;}\u00a0\u00bb][\/vc_column][vc_column width=\u00a0\u00bb1\/4&Prime;][vc_custom_heading text=\u00a0\u00bbsamedi 11 mai \u00e0 20h30&Prime; font_container=\u00a0\u00bbtag:h2|text_align:center\u00a0\u00bb css=\u00a0\u00bb.vc_custom_1713505759572{background-color: #f7b90e !important;}\u00a0\u00bb][\/vc_column][vc_column width=\u00a0\u00bb1\/4&Prime;][vc_custom_heading text=\u00a0\u00bbdimanche 12 mai [&hellip;]<\/p>\n","protected":false},"author":1,"featured_media":0,"parent":47,"menu_order":0,"comment_status":"closed","ping_status":"closed","template":"","meta":[],"_links":{"self":[{"href":"https:\/\/cyrknop.fr\/index.php\/wp-json\/wp\/v2\/pages\/653"}],"collection":[{"href":"https:\/\/cyrknop.fr\/index.php\/wp-json\/wp\/v2\/pages"}],"about":[{"href":"https:\/\/cyrknop.fr\/index.php\/wp-json\/wp\/v2\/types\/page"}],"author":[{"embeddable":true,"href":"https:\/\/cyrknop.fr\/index.php\/wp-json\/wp\/v2\/users\/1"}],"replies":[{"embeddable":true,"href":"https:\/\/cyrknop.fr\/index.php\/wp-json\/wp\/v2\/comments?post=653"}],"version-history":[{"count":35,"href":"https:\/\/cyrknop.fr\/index.php\/wp-json\/wp\/v2\/pages\/653\/revisions"}],"predecessor-version":[{"id":761,"href":"https:\/\/cyrknop.fr\/index.php\/wp-json\/wp\/v2\/pages\/653\/revisions\/761"}],"up":[{"embeddable":true,"href":"https:\/\/cyrknop.fr\/index.php\/wp-json\/wp\/v2\/pages\/47"}],"wp:attachment":[{"href":"https:\/\/cyrknop.fr\/index.php\/wp-json\/wp\/v2\/media?parent=653"}],"curies":[{"name":"wp","href":"https:\/\/api.w.org\/{rel}","templated":true}]}}