{"id":62,"date":"2020-10-06T12:02:27","date_gmt":"2020-10-06T10:02:27","guid":{"rendered":"https:\/\/cyrknop.fr\/?page_id=62"},"modified":"2025-09-06T10:32:48","modified_gmt":"2025-09-06T08:32:48","slug":"presentation","status":"publish","type":"page","link":"https:\/\/cyrknop.fr\/index.php\/ecole-de-cirque\/presentation\/","title":{"rendered":"Pr\u00e9sentation"},"content":{"rendered":"<p>[vc_row][vc_column][vc_custom_heading text=\u00a0\u00bbPr\u00e9sentation\u00a0\u00bb google_fonts=\u00a0\u00bbfont_family:Abril%20Fatface%3Aregular\u00a0\u00bb][vc_column_text]cirque et p\u00e9dagogie:<\/p>\n<p>Le cirque joue avec le sport, l&rsquo;art et le travail d&rsquo;\u00e9quipe. Nous proposons aux enfants des jeux d&rsquo;\u00e9quilibre, de jonglage, d&rsquo;acrobatie, de trap\u00e8ze, de corde et tissu.<br \/>\nEt la finalit\u00e9 de tout \u00e7a? cr\u00e9er de beaux spectacles tous ensemble&#8230;<\/p>\n<p>&nbsp;<\/p>\n<p>Une \u00e9cole de cirque sous chapiteau&#8230;<\/p>\n<p>Depuis septembre 2019 l&rsquo;\u00e9cole de cirque s&rsquo;est install\u00e9e sous un grand chapiteau rouge implant\u00e9 place de la Jardini\u00e8re aux Pilles. Vous pouvez l&rsquo;apercevoir en traversant le village&#8230;<\/p>\n<p>Plus de place, plus de hauteur&#8230;<\/p>\n<p>Du nouveau mat\u00e9riel: des fils d&rsquo;\u00e9quilibre, de nouveaux tapis et &#8230; des nouveaux trap\u00e8ze et tissus&#8230;[\/vc_column_text][\/vc_column][\/vc_row][vc_row][vc_column][vc_custom_heading text=\u00a0\u00bbL&rsquo;\u00e9quipe p\u00e9dagogique\u00a0\u00bb][vc_column_text]Giselle Arce:<br \/>\nacrobatie a\u00e9rienne, tissus, trap\u00e8ze, acrobatie<\/p>\n<p>Yan Bernard:<br \/>\nFondateur de la Cie Cyrk Nop, jongleur<\/p>\n<p>&nbsp;<\/p>\n<p>Sandra Racodon:<br \/>\nElle intervient pour les stages que cyrk Nop propose durant les vacances scolaires.[\/vc_column_text][\/vc_column][\/vc_row]<\/p>\n","protected":false},"excerpt":{"rendered":"<p>[vc_row][vc_column][vc_custom_heading text=\u00a0\u00bbPr\u00e9sentation\u00a0\u00bb google_fonts=\u00a0\u00bbfont_family:Abril%20Fatface%3Aregular\u00a0\u00bb][vc_column_text]cirque et p\u00e9dagogie: Le cirque joue avec le sport, l&rsquo;art et le travail d&rsquo;\u00e9quipe. Nous proposons aux enfants des jeux d&rsquo;\u00e9quilibre, de jonglage, d&rsquo;acrobatie, de trap\u00e8ze, de corde et tissu. Et la finalit\u00e9 de tout \u00e7a? cr\u00e9er de beaux spectacles tous ensemble&#8230; &nbsp; Une \u00e9cole de cirque sous chapiteau&#8230; Depuis septembre 2019 l&rsquo;\u00e9cole [&hellip;]<\/p>\n","protected":false},"author":1,"featured_media":0,"parent":60,"menu_order":0,"comment_status":"closed","ping_status":"closed","template":"","meta":[],"_links":{"self":[{"href":"https:\/\/cyrknop.fr\/index.php\/wp-json\/wp\/v2\/pages\/62"}],"collection":[{"href":"https:\/\/cyrknop.fr\/index.php\/wp-json\/wp\/v2\/pages"}],"about":[{"href":"https:\/\/cyrknop.fr\/index.php\/wp-json\/wp\/v2\/types\/page"}],"author":[{"embeddable":true,"href":"https:\/\/cyrknop.fr\/index.php\/wp-json\/wp\/v2\/users\/1"}],"replies":[{"embeddable":true,"href":"https:\/\/cyrknop.fr\/index.php\/wp-json\/wp\/v2\/comments?post=62"}],"version-history":[{"count":9,"href":"https:\/\/cyrknop.fr\/index.php\/wp-json\/wp\/v2\/pages\/62\/revisions"}],"predecessor-version":[{"id":820,"href":"https:\/\/cyrknop.fr\/index.php\/wp-json\/wp\/v2\/pages\/62\/revisions\/820"}],"up":[{"embeddable":true,"href":"https:\/\/cyrknop.fr\/index.php\/wp-json\/wp\/v2\/pages\/60"}],"wp:attachment":[{"href":"https:\/\/cyrknop.fr\/index.php\/wp-json\/wp\/v2\/media?parent=62"}],"curies":[{"name":"wp","href":"https:\/\/api.w.org\/{rel}","templated":true}]}}