{"id":45,"date":"2020-10-06T11:52:46","date_gmt":"2020-10-06T09:52:46","guid":{"rendered":"https:\/\/cyrknop.fr\/?page_id=45"},"modified":"2020-10-09T15:16:52","modified_gmt":"2020-10-09T13:16:52","slug":"le-petit-cirque-sous-les-etoiles","status":"publish","type":"page","link":"https:\/\/cyrknop.fr\/index.php\/spectacles\/le-petit-cirque-sous-les-etoiles\/","title":{"rendered":"Le petit cirque sous les \u00e9toiles"},"content":{"rendered":"<p>[vc_row][vc_column][vc_column_text]<\/p>\n<h3 style=\"text-align: center;\">Le Petit Cirque sous les \u00c9toiles<\/h3>\n<h6 style=\"text-align: center;\"><em>Conte visuel et po\u00e9tique Jeune Public<\/em><\/h6>\n<p>[\/vc_column_text][vc_video link=\u00a0\u00bbhttps:\/\/vimeo.com\/12075790&Prime;][\/vc_column][\/vc_row][vc_row][vc_column][vc_column_text]<\/p>\n<p style=\"text-align: left;\"><span class=\"dc\">Ce spectacle aborde de mani\u00e8re singuli\u00e8re la qu\u00eate de deux personnages : l\u2019artiste jongleur et sa marionnette. Port\u00e9s par leur r\u00eave, ils partent \u00e0 la recherche des \u00e9toiles.<br \/>\nJonglerie, monocycle, acrobaties cr\u00e9ent le rythme et l\u2019\u00e9nergie du spectacle. Il nous questionne sur le regard que nous posons sur notre monde en devenir.<\/span><\/p>\n<p>[\/vc_column_text][\/vc_column][\/vc_row][vc_row][vc_column][vc_column_text]<\/p>\n<h4>Version Jeune Public (\u00e0 partir de 3 ans)<\/h4>\n<ul>\n<li>Public: maternelles et primaire<\/li>\n<li>dur\u00e9e: 45 mn<\/li>\n<li>espace de jeu: 6m x 5m (adaptation possible)<\/li>\n<li>son et lumi\u00e8re: pour les lieux non-\u00e9quip\u00e9s la compagnie est totalement autonome, pour les lieux \u00e9quip\u00e9 cf fiche technique.<\/li>\n<li>obscurit\u00e9 fortement recommand\u00e9e.<\/li>\n<\/ul>\n<h4>Version Petite Enfance<\/h4>\n<ul>\n<li>public enfants: de 6mois \u00e0 3 ans<\/li>\n<li>dur\u00e9e: 30 mn<\/li>\n<\/ul>\n<p>[\/vc_column_text][vc_column_text]<\/p>\n<h4>L\u2019\u00c9quipe du Spectacle<\/h4>\n<p>[\/vc_column_text][\/vc_column][\/vc_row][vc_row][vc_column width=\u00a0\u00bb1\/3&Prime;]<div class=\"flip-box-wrap\" style=\"\"><div class=\"flip-box ifb-jq-height  horizontal_flip_left flip-ifb-jq-height\"  style=\"\" ><div class=\"ifb-flip-box\" id=\"flip-box-wrap-3901\"><div class=\"ifb-face ifb-front \" style=\"color:#333333;background:#efefef; border-width: 2px;border-style: solid; border-color:#a4a4a4; border-radius: px;\">\r\n\t\t\t\t\t\t\t<div class=\"ifb-flip-box-section \">\r\n\t\t\t\t\t\t\t<div class=\"flip-box-icon\"><div class=\"ult-just-icon-wrapper  \"><div class=\"align-icon\" style=\"text-align:center;\">\n<div class=\"aio-icon-img \" style=\"font-size:48px;display:inline-block;\" >\n\t<img class=\"img-icon\" alt=\"null\" src=\"https:\/\/cyrknop.fr\/wp-content\/uploads\/2020\/10\/dc_equipe_yan1.png\"\/>\n<\/div><\/div><\/div><\/div><h3 class=\"ult-responsive flipbox_heading\"  data-ultimate-target='#flip-box-wrap-3901 .ult-responsive.flipbox_heading'  data-responsive-json-new='{\"font-size\":\"\",\"line-height\":\"\"}'  style=\"color:#333333; \">Yan Bernard<\/h3><div class=\"ifb-flip-box-section-content ult-responsive\"  data-ultimate-target='#flip-box-wrap-3901 .ifb-flip-box-section-content.ult-responsive'  data-responsive-json-new='{\"font-size\":\"\",\"line-height\":\"\"}'  style=\"color:#333333;color:#333333;\"><p>Artiste circassien<\/p><\/div><\/div><\/div><!-- END .front -->\r\n\t\t\t\t\t\t<div class=\"ifb-face ifb-back\" style=\"color:#333333;background:#efefef; border-width: 2px;border-style: solid; border-color:#a4a4a4; border-radius: px;\">\r\n\t\t\t\t\t\t\t<div class=\"ifb-flip-box-section \"><h3 class=\"ult-responsive flipbox_heading\"  data-ultimate-target='#flip-box-wrap-3901 .ult-responsive.flipbox_heading'  data-responsive-json-new='{\"font-size\":\"\",\"line-height\":\"\"}'  style=\"color:#333333; \">Yan Bernard<\/h3><div class=\"ifb-flip-box-section-content ult-responsive\"  data-ultimate-target='#flip-box-wrap-3901 .ifb-flip-box-section-content.ult-responsive'  data-responsive-json-new='{\"font-size\":\"\",\"line-height\":\"\"}'  style=\"color:#333333;color:#333333;\"><p>Artiste circassien<\/p>\n<p>cr\u00e9ateur de spectacle, jongleur, manipulateur et inventeur d\u2019objets sc\u00e9niques!<\/p><\/div><\/div><\/div><!-- END .back --><\/div> <!-- ifb-flip-box --><\/div> <!-- flip-box --><\/div><!-- End icon block --><div class=\"flip-box-wrap\" style=\"\"><div class=\"flip-box ifb-jq-height  horizontal_flip_left flip-ifb-jq-height\"  style=\"\" ><div class=\"ifb-flip-box\" id=\"flip-box-wrap-9139\"><div class=\"ifb-face ifb-front \" style=\"color:#333333;background:#efefef; border-width: 2px;border-style: solid; border-color:#a4a4a4; border-radius: px;\">\r\n\t\t\t\t\t\t\t<div class=\"ifb-flip-box-section \">\r\n\t\t\t\t\t\t\t<h3 class=\"ult-responsive flipbox_heading\"  data-ultimate-target='#flip-box-wrap-9139 .ult-responsive.flipbox_heading'  data-responsive-json-new='{\"font-size\":\"\",\"line-height\":\"\"}'  style=\"color:#333333; \">Ga\u00eblle Ren\u00e9<\/h3><div class=\"ifb-flip-box-section-content ult-responsive\"  data-ultimate-target='#flip-box-wrap-9139 .ifb-flip-box-section-content.ult-responsive'  data-responsive-json-new='{\"font-size\":\"\",\"line-height\":\"\"}'  style=\"color:#333333;color:#333333;\"><p>regard ext\u00e9rieur<\/p><\/div><\/div><\/div><!-- END .front -->\r\n\t\t\t\t\t\t<div class=\"ifb-face ifb-back\" style=\"color:#333333;background:#efefef; border-width: 2px;border-style: solid; border-color:#a4a4a4; border-radius: px;\">\r\n\t\t\t\t\t\t\t<div class=\"ifb-flip-box-section \"><h3 class=\"ult-responsive flipbox_heading\"  data-ultimate-target='#flip-box-wrap-9139 .ult-responsive.flipbox_heading'  data-responsive-json-new='{\"font-size\":\"\",\"line-height\":\"\"}'  style=\"color:#333333; \">Ga\u00eblle Ren\u00e9<\/h3><div class=\"ifb-flip-box-section-content ult-responsive\"  data-ultimate-target='#flip-box-wrap-9139 .ifb-flip-box-section-content.ult-responsive'  data-responsive-json-new='{\"font-size\":\"\",\"line-height\":\"\"}'  style=\"color:#333333;color:#333333;\"><p>regard ext\u00e9rieur.<\/p>\n<p>Une voix, une femme, un certain charisme\u2026 metteur-en sc\u00e8ne, com\u00e9dienne, son regard d\u00e9crypte les int\u00e9rieurs des spectacles et son \u0153il ne rate rien!<\/p><\/div><\/div><\/div><!-- END .back --><\/div> <!-- ifb-flip-box --><\/div> <!-- flip-box --><\/div><!-- End icon block -->[\/vc_column][vc_column width=\u00a0\u00bb1\/3&Prime;]<div class=\"flip-box-wrap\" style=\"\"><div class=\"flip-box ifb-jq-height  horizontal_flip_left flip-ifb-jq-height\"  style=\"\" ><div class=\"ifb-flip-box\" id=\"flip-box-wrap-3789\"><div class=\"ifb-face ifb-front \" style=\"color:#333333;background:#efefef; border-width: 2px;border-style: solid; border-color:#a4a4a4; border-radius: px;\">\r\n\t\t\t\t\t\t\t<div class=\"ifb-flip-box-section \">\r\n\t\t\t\t\t\t\t<div class=\"flip-box-icon\"><div class=\"ult-just-icon-wrapper  \"><div class=\"align-icon\" style=\"text-align:center;\">\n<div class=\"aio-icon-img \" style=\"font-size:48px;display:inline-block;\" >\n\t<img class=\"img-icon\" alt=\"null\" src=\"https:\/\/cyrknop.fr\/wp-content\/uploads\/2020\/10\/dc_equipe_barbara1.png\"\/>\n<\/div><\/div><\/div><\/div><h3 class=\"ult-responsive flipbox_heading\"  data-ultimate-target='#flip-box-wrap-3789 .ult-responsive.flipbox_heading'  data-responsive-json-new='{\"font-size\":\"\",\"line-height\":\"\"}'  style=\"color:#333333; \">Barbara Mornet<\/h3><div class=\"ifb-flip-box-section-content ult-responsive\"  data-ultimate-target='#flip-box-wrap-3789 .ifb-flip-box-section-content.ult-responsive'  data-responsive-json-new='{\"font-size\":\"\",\"line-height\":\"\"}'  style=\"color:#333333;color:#333333;\"><p>Costumi\u00e8re.<\/p><\/div><\/div><\/div><!-- END .front -->\r\n\t\t\t\t\t\t<div class=\"ifb-face ifb-back\" style=\"color:#333333;background:#efefef; border-width: 2px;border-style: solid; border-color:#a4a4a4; border-radius: px;\">\r\n\t\t\t\t\t\t\t<div class=\"ifb-flip-box-section \"><h3 class=\"ult-responsive flipbox_heading\"  data-ultimate-target='#flip-box-wrap-3789 .ult-responsive.flipbox_heading'  data-responsive-json-new='{\"font-size\":\"\",\"line-height\":\"\"}'  style=\"color:#333333; \">Barbara Mornet<\/h3><div class=\"ifb-flip-box-section-content ult-responsive\"  data-ultimate-target='#flip-box-wrap-3789 .ifb-flip-box-section-content.ult-responsive'  data-responsive-json-new='{\"font-size\":\"\",\"line-height\":\"\"}'  style=\"color:#333333;color:#333333;\"><p>Costumi\u00e8re.<\/p>\n<p>son travail apporte une touche incroyable aux spectacles qu\u2019elle met en habits.<\/p><\/div><\/div><\/div><!-- END .back --><\/div> <!-- ifb-flip-box --><\/div> <!-- flip-box --><\/div><!-- End icon block -->[\/vc_column][vc_column width=\u00a0\u00bb1\/3&Prime;]<div class=\"flip-box-wrap\" style=\"\"><div class=\"flip-box ifb-jq-height  horizontal_flip_left flip-ifb-jq-height\"  style=\"\" ><div class=\"ifb-flip-box\" id=\"flip-box-wrap-4130\"><div class=\"ifb-face ifb-front \" style=\"color:#333333;background:#efefef; border-width: 2px;border-style: solid; border-color:#a4a4a4; border-radius: px;\">\r\n\t\t\t\t\t\t\t<div class=\"ifb-flip-box-section \">\r\n\t\t\t\t\t\t\t<div class=\"flip-box-icon\"><div class=\"ult-just-icon-wrapper  \"><div class=\"align-icon\" style=\"text-align:center;\">\n<div class=\"aio-icon-img \" style=\"font-size:48px;display:inline-block;\" >\n\t<img class=\"img-icon\" alt=\"null\" src=\"https:\/\/cyrknop.fr\/wp-content\/uploads\/2020\/10\/dc_equipe_olivier1.png\"\/>\n<\/div><\/div><\/div><\/div><h3 class=\"ult-responsive flipbox_heading\"  data-ultimate-target='#flip-box-wrap-4130 .ult-responsive.flipbox_heading'  data-responsive-json-new='{\"font-size\":\"\",\"line-height\":\"\"}'  style=\"color:#333333; \">Olivier Dagonet<\/h3><div class=\"ifb-flip-box-section-content ult-responsive\"  data-ultimate-target='#flip-box-wrap-4130 .ifb-flip-box-section-content.ult-responsive'  data-responsive-json-new='{\"font-size\":\"\",\"line-height\":\"\"}'  style=\"color:#333333;color:#333333;\"><p>Musique et Arrangement.<\/p><\/div><\/div><\/div><!-- END .front -->\r\n\t\t\t\t\t\t<div class=\"ifb-face ifb-back\" style=\"color:#333333;background:#efefef; border-width: 2px;border-style: solid; border-color:#a4a4a4; border-radius: px;\">\r\n\t\t\t\t\t\t\t<div class=\"ifb-flip-box-section \"><h3 class=\"ult-responsive flipbox_heading\"  data-ultimate-target='#flip-box-wrap-4130 .ult-responsive.flipbox_heading'  data-responsive-json-new='{\"font-size\":\"\",\"line-height\":\"\"}'  style=\"color:#333333; \">Olivier Dagonet<\/h3><div class=\"ifb-flip-box-section-content ult-responsive\"  data-ultimate-target='#flip-box-wrap-4130 .ifb-flip-box-section-content.ult-responsive'  data-responsive-json-new='{\"font-size\":\"\",\"line-height\":\"\"}'  style=\"color:#333333;color:#333333;\"><p>Musique et Arrangement.<\/p>\n<p>musicien multi-instrumentiste autodidacte, d\u00e9veloppe le beat box et sampling vocal..<\/p><\/div><\/div><\/div><!-- END .back --><\/div> <!-- ifb-flip-box --><\/div> <!-- flip-box --><\/div><!-- End icon block -->[\/vc_column][\/vc_row][vc_row][vc_column][vc_column_text]<\/p>\n<h4>Espace Organisateur<\/h4>\n<p>[\/vc_column_text][\/vc_column][\/vc_row][vc_row][vc_column width=\u00a0\u00bb1\/3&Prime;]<div class=\"flip-box-wrap\" style=\"\"><div class=\"flip-box ifb-jq-height  horizontal_flip_left flip-ifb-jq-height\"  style=\"\" ><div class=\"ifb-flip-box\" id=\"flip-box-wrap-4030\"><div class=\"ifb-face ifb-front \" style=\"color:#333333;background:#efefef; border-width: 2px;border-style: solid; border-color:#a4a4a4; border-radius: px;\">\r\n\t\t\t\t\t\t\t<div class=\"ifb-flip-box-section \">\r\n\t\t\t\t\t\t\t<div class=\"flip-box-icon\"><div class=\"ult-just-icon-wrapper  \"><div class=\"align-icon\" style=\"text-align:center;\">\n<div class=\"aio-icon none \"  style=\"color:#333333;font-size:32px;display:inline-block;\">\n\t<i class=\"Defaults-file-o\"><\/i>\n<\/div><\/div><\/div><\/div><h3 class=\"ult-responsive flipbox_heading\"  data-ultimate-target='#flip-box-wrap-4030 .ult-responsive.flipbox_heading'  data-responsive-json-new='{\"font-size\":\"\",\"line-height\":\"\"}'  style=\"color:#333333; \">plaquette<\/h3><\/div><\/div><!-- END .front -->\r\n\t\t\t\t\t\t<div class=\"ifb-face ifb-back\" style=\"color:#333333;background:#efefef; border-width: 2px;border-style: solid; border-color:#a4a4a4; border-radius: px;\">\r\n\t\t\t\t\t\t\t<div class=\"ifb-flip-box-section \"><div class=\"ifb-desc-back\"><div class=\"ifb-flip-box-section-content ult-responsive\"  data-ultimate-target='#flip-box-wrap-4030 .ifb-flip-box-section-content.ult-responsive'  data-responsive-json-new='{\"font-size\":\"\",\"line-height\":\"\"}'  style=\"color:#333333;color:#333333;\"><p>la plaquette<br \/>\ndu spectacle<\/p><\/div><\/div><div class=\"flip_link\"><a href=\"https:\/\/cyrknop.fr\/wp-content\/uploads\/2020\/10\/plaquette_pcse_mail.pdf\"  style=\"background:#00596b; color:#ffffff;\">t\u00e9l\u00e9charger<\/a><\/div><\/div><\/div><!-- END .back --><\/div> <!-- ifb-flip-box --><\/div> <!-- flip-box --><\/div><!-- End icon block -->[\/vc_column][vc_column width=\u00a0\u00bb1\/3&Prime;][\/vc_column][vc_column width=\u00a0\u00bb1\/3&Prime;][\/vc_column][\/vc_row]<\/p>\n","protected":false},"excerpt":{"rendered":"<p>[vc_row][vc_column][vc_column_text] Le Petit Cirque sous les \u00c9toiles Conte visuel et po\u00e9tique Jeune Public [\/vc_column_text][vc_video link=\u00a0\u00bbhttps:\/\/vimeo.com\/12075790&Prime;][\/vc_column][\/vc_row][vc_row][vc_column][vc_column_text] Ce spectacle aborde de mani\u00e8re singuli\u00e8re la qu\u00eate de deux personnages : l\u2019artiste jongleur et sa marionnette. Port\u00e9s par leur r\u00eave, ils partent \u00e0 la recherche des \u00e9toiles. Jonglerie, monocycle, acrobaties cr\u00e9ent le rythme et l\u2019\u00e9nergie du spectacle. Il nous [&hellip;]<\/p>\n","protected":false},"author":1,"featured_media":0,"parent":35,"menu_order":0,"comment_status":"closed","ping_status":"closed","template":"","meta":[],"_links":{"self":[{"href":"https:\/\/cyrknop.fr\/index.php\/wp-json\/wp\/v2\/pages\/45"}],"collection":[{"href":"https:\/\/cyrknop.fr\/index.php\/wp-json\/wp\/v2\/pages"}],"about":[{"href":"https:\/\/cyrknop.fr\/index.php\/wp-json\/wp\/v2\/types\/page"}],"author":[{"embeddable":true,"href":"https:\/\/cyrknop.fr\/index.php\/wp-json\/wp\/v2\/users\/1"}],"replies":[{"embeddable":true,"href":"https:\/\/cyrknop.fr\/index.php\/wp-json\/wp\/v2\/comments?post=45"}],"version-history":[{"count":9,"href":"https:\/\/cyrknop.fr\/index.php\/wp-json\/wp\/v2\/pages\/45\/revisions"}],"predecessor-version":[{"id":336,"href":"https:\/\/cyrknop.fr\/index.php\/wp-json\/wp\/v2\/pages\/45\/revisions\/336"}],"up":[{"embeddable":true,"href":"https:\/\/cyrknop.fr\/index.php\/wp-json\/wp\/v2\/pages\/35"}],"wp:attachment":[{"href":"https:\/\/cyrknop.fr\/index.php\/wp-json\/wp\/v2\/media?parent=45"}],"curies":[{"name":"wp","href":"https:\/\/api.w.org\/{rel}","templated":true}]}}