{"id":43,"date":"2020-10-06T11:52:12","date_gmt":"2020-10-06T09:52:12","guid":{"rendered":"https:\/\/cyrknop.fr\/?page_id=43"},"modified":"2020-10-07T11:26:36","modified_gmt":"2020-10-07T09:26:36","slug":"lenfant-plume","status":"publish","type":"page","link":"https:\/\/cyrknop.fr\/index.php\/spectacles\/lenfant-plume\/","title":{"rendered":"L&rsquo;enfant plume"},"content":{"rendered":"<p>[vc_row][vc_column][vc_column_text]<\/p>\n<h3 style=\"text-align: center;\">L&rsquo;Enfant Plume<\/h3>\n<h6 style=\"text-align: center;\"><em>Conte visuel et po\u00e9tique Jeune Public<\/em><\/h6>\n<p>[\/vc_column_text][vc_video link=\u00a0\u00bbhttps:\/\/vimeo.com\/12666633&Prime; el_aspect=\u00a0\u00bb43&Prime;][\/vc_column][\/vc_row][vc_row][vc_column][vc_column_text]\u00a0\u00bbChfuiiittt&#8230; Le souffle du vent&#8230;<br \/>\nQuand on \u00e9coute le vent, on entend d&rsquo;\u00e9tranges sons: ce sont des histoires&#8230;\u00a0\u00bb<\/p>\n<p>Plume est si l\u00e9ger qu\u2019un jour le vent l\u2019emporte\u2026 Pour retrouver les siens, il devra affronter les diff\u00e9rents \u00e9l\u00e9ments. Ce voyage nous entra\u00eene l\u00e0 o\u00f9 soufflent po\u00e9sie, cirque, musique, danse, et marionnettes. Le jonglage devient musique et percussion, un num\u00e9ro d&rsquo;assiettes chinoises fait danser toute la famille!<br \/>\nAvec Plume, nous voici sur le chemin sem\u00e9 d&#8217;emb\u00fbches qui permet d&rsquo;acc\u00e9der \u00e0 la libert\u00e9 d&rsquo;\u00eatre soi. Cette histoire nous conte la tol\u00e9rance, elle interpelle sur le droit \u00e0 la diff\u00e9rence.[\/vc_column_text][\/vc_column][\/vc_row][vc_row][vc_column][vc_column_text]<\/p>\n<h4>Version Jeune Public (\u00e0 partir de 3 ans)<\/h4>\n<ul>\n<li>Public: maternelles et primaire<\/li>\n<li>dur\u00e9e: 45 mn<\/li>\n<li>espace de jeu: 6m x 5m (adaptation possible)<\/li>\n<li>son et lumi\u00e8re: pour les lieux non-\u00e9quip\u00e9s la compagnie est totalement autonome, pour les lieux \u00e9quip\u00e9 cf fiche technique.<\/li>\n<li>obscurit\u00e9 fortement recommand\u00e9e.<\/li>\n<\/ul>\n<h4>Version Petite Enfance<\/h4>\n<ul>\n<li>public enfants: de 6mois \u00e0 3 ans<\/li>\n<li>dur\u00e9e: 30 mn<\/li>\n<\/ul>\n<p>[\/vc_column_text][vc_column_text]<\/p>\n<h4>L\u2019\u00c9quipe du Spectacle<\/h4>\n<p>[\/vc_column_text][\/vc_column][\/vc_row][vc_row][vc_column width=\u00a0\u00bb1\/3&Prime;]<div class=\"flip-box-wrap\" style=\"\"><div class=\"flip-box ifb-jq-height  horizontal_flip_left flip-ifb-jq-height\"  style=\"\" ><div class=\"ifb-flip-box\" id=\"flip-box-wrap-9102\"><div class=\"ifb-face ifb-front \" style=\"color:#333333;background:#efefef; border-width: 2px;border-style: solid; border-color:#a4a4a4; border-radius: px;\">\r\n\t\t\t\t\t\t\t<div class=\"ifb-flip-box-section \">\r\n\t\t\t\t\t\t\t<div class=\"flip-box-icon\"><div class=\"ult-just-icon-wrapper  \"><div class=\"align-icon\" style=\"text-align:center;\">\n<div class=\"aio-icon-img \" style=\"font-size:48px;display:inline-block;\" >\n\t<img class=\"img-icon\" alt=\"null\" src=\"https:\/\/cyrknop.fr\/wp-content\/uploads\/2020\/10\/dc_equipe_yan1.png\"\/>\n<\/div><\/div><\/div><\/div><h3 class=\"ult-responsive flipbox_heading\"  data-ultimate-target='#flip-box-wrap-9102 .ult-responsive.flipbox_heading'  data-responsive-json-new='{\"font-size\":\"\",\"line-height\":\"\"}'  style=\"color:#333333; \">Yan Bernard<\/h3><div class=\"ifb-flip-box-section-content ult-responsive\"  data-ultimate-target='#flip-box-wrap-9102 .ifb-flip-box-section-content.ult-responsive'  data-responsive-json-new='{\"font-size\":\"\",\"line-height\":\"\"}'  style=\"color:#333333;color:#333333;\"><p>Artiste circassien<\/p><\/div><\/div><\/div><!-- END .front -->\r\n\t\t\t\t\t\t<div class=\"ifb-face ifb-back\" style=\"color:#333333;background:#efefef; border-width: 2px;border-style: solid; border-color:#a4a4a4; border-radius: px;\">\r\n\t\t\t\t\t\t\t<div class=\"ifb-flip-box-section \"><h3 class=\"ult-responsive flipbox_heading\"  data-ultimate-target='#flip-box-wrap-9102 .ult-responsive.flipbox_heading'  data-responsive-json-new='{\"font-size\":\"\",\"line-height\":\"\"}'  style=\"color:#333333; \">Yan Bernard<\/h3><div class=\"ifb-flip-box-section-content ult-responsive\"  data-ultimate-target='#flip-box-wrap-9102 .ifb-flip-box-section-content.ult-responsive'  data-responsive-json-new='{\"font-size\":\"\",\"line-height\":\"\"}'  style=\"color:#333333;color:#333333;\"><p>Artiste circassien<\/p>\n<p>cr\u00e9ateur de spectacle, jongleur, manipulateur et inventeur d\u2019objets sc\u00e9niques!<\/p><\/div><\/div><\/div><!-- END .back --><\/div> <!-- ifb-flip-box --><\/div> <!-- flip-box --><\/div><!-- End icon block -->[\/vc_column][vc_column width=\u00a0\u00bb1\/3&Prime;]<div class=\"flip-box-wrap\" style=\"\"><div class=\"flip-box ifb-jq-height  horizontal_flip_left flip-ifb-jq-height\"  style=\"\" ><div class=\"ifb-flip-box\" id=\"flip-box-wrap-2778\"><div class=\"ifb-face ifb-front \" style=\"color:#333333;background:#efefef; border-width: 2px;border-style: solid; border-color:#a4a4a4; border-radius: px;\">\r\n\t\t\t\t\t\t\t<div class=\"ifb-flip-box-section \">\r\n\t\t\t\t\t\t\t<div class=\"flip-box-icon\"><div class=\"ult-just-icon-wrapper  \"><div class=\"align-icon\" style=\"text-align:center;\">\n<div class=\"aio-icon-img \" style=\"font-size:48px;display:inline-block;\" >\n\t<img class=\"img-icon\" alt=\"null\" src=\"https:\/\/cyrknop.fr\/wp-content\/uploads\/2020\/10\/dc_equipe_barbara1.png\"\/>\n<\/div><\/div><\/div><\/div><h3 class=\"ult-responsive flipbox_heading\"  data-ultimate-target='#flip-box-wrap-2778 .ult-responsive.flipbox_heading'  data-responsive-json-new='{\"font-size\":\"\",\"line-height\":\"\"}'  style=\"color:#333333; \">Barbara Mornet<\/h3><div class=\"ifb-flip-box-section-content ult-responsive\"  data-ultimate-target='#flip-box-wrap-2778 .ifb-flip-box-section-content.ult-responsive'  data-responsive-json-new='{\"font-size\":\"\",\"line-height\":\"\"}'  style=\"color:#333333;color:#333333;\"><p>Costumi\u00e8re.<\/p><\/div><\/div><\/div><!-- END .front -->\r\n\t\t\t\t\t\t<div class=\"ifb-face ifb-back\" style=\"color:#333333;background:#efefef; border-width: 2px;border-style: solid; border-color:#a4a4a4; border-radius: px;\">\r\n\t\t\t\t\t\t\t<div class=\"ifb-flip-box-section \"><h3 class=\"ult-responsive flipbox_heading\"  data-ultimate-target='#flip-box-wrap-2778 .ult-responsive.flipbox_heading'  data-responsive-json-new='{\"font-size\":\"\",\"line-height\":\"\"}'  style=\"color:#333333; \">Barbara Mornet<\/h3><div class=\"ifb-flip-box-section-content ult-responsive\"  data-ultimate-target='#flip-box-wrap-2778 .ifb-flip-box-section-content.ult-responsive'  data-responsive-json-new='{\"font-size\":\"\",\"line-height\":\"\"}'  style=\"color:#333333;color:#333333;\"><p>Costumi\u00e8re.<\/p>\n<p>son travail apporte une touche incroyable aux spectacles qu\u2019elle met en habits.<\/p><\/div><\/div><\/div><!-- END .back --><\/div> <!-- ifb-flip-box --><\/div> <!-- flip-box --><\/div><!-- End icon block -->[\/vc_column][vc_column width=\u00a0\u00bb1\/3&Prime;]<div class=\"flip-box-wrap\" style=\"\"><div class=\"flip-box ifb-jq-height  horizontal_flip_left flip-ifb-jq-height\"  style=\"\" ><div class=\"ifb-flip-box\" id=\"flip-box-wrap-5504\"><div class=\"ifb-face ifb-front \" style=\"color:#333333;background:#efefef; border-width: 2px;border-style: solid; border-color:#a4a4a4; border-radius: px;\">\r\n\t\t\t\t\t\t\t<div class=\"ifb-flip-box-section \">\r\n\t\t\t\t\t\t\t<div class=\"flip-box-icon\"><div class=\"ult-just-icon-wrapper  \"><div class=\"align-icon\" style=\"text-align:center;\">\n<div class=\"aio-icon-img \" style=\"font-size:48px;display:inline-block;\" >\n\t<img class=\"img-icon\" alt=\"null\" src=\"https:\/\/cyrknop.fr\/wp-content\/uploads\/2020\/10\/dc_equipe_olivier1.png\"\/>\n<\/div><\/div><\/div><\/div><h3 class=\"ult-responsive flipbox_heading\"  data-ultimate-target='#flip-box-wrap-5504 .ult-responsive.flipbox_heading'  data-responsive-json-new='{\"font-size\":\"\",\"line-height\":\"\"}'  style=\"color:#333333; \">Olivier Dagonet<\/h3><div class=\"ifb-flip-box-section-content ult-responsive\"  data-ultimate-target='#flip-box-wrap-5504 .ifb-flip-box-section-content.ult-responsive'  data-responsive-json-new='{\"font-size\":\"\",\"line-height\":\"\"}'  style=\"color:#333333;color:#333333;\"><p>Musique et Arrangement.<\/p><\/div><\/div><\/div><!-- END .front -->\r\n\t\t\t\t\t\t<div class=\"ifb-face ifb-back\" style=\"color:#333333;background:#efefef; border-width: 2px;border-style: solid; border-color:#a4a4a4; border-radius: px;\">\r\n\t\t\t\t\t\t\t<div class=\"ifb-flip-box-section \"><h3 class=\"ult-responsive flipbox_heading\"  data-ultimate-target='#flip-box-wrap-5504 .ult-responsive.flipbox_heading'  data-responsive-json-new='{\"font-size\":\"\",\"line-height\":\"\"}'  style=\"color:#333333; \">Olivier Dagonet<\/h3><div class=\"ifb-flip-box-section-content ult-responsive\"  data-ultimate-target='#flip-box-wrap-5504 .ifb-flip-box-section-content.ult-responsive'  data-responsive-json-new='{\"font-size\":\"\",\"line-height\":\"\"}'  style=\"color:#333333;color:#333333;\"><p>Musique et Arrangement.<\/p>\n<p>musicien multi-instrumentiste autodidacte, d\u00e9veloppe le beat box et sampling vocal..<\/p><\/div><\/div><\/div><!-- END .back --><\/div> <!-- ifb-flip-box --><\/div> <!-- flip-box --><\/div><!-- End icon block -->[\/vc_column][\/vc_row][vc_row][vc_column][\/vc_column][\/vc_row][vc_row][vc_column][vc_column_text]<\/p>\n<h4>Espace Organisateur<\/h4>\n<p>[\/vc_column_text][\/vc_column][\/vc_row][vc_row][vc_column width=\u00a0\u00bb1\/3&Prime;]<div class=\"flip-box-wrap\" style=\"\"><div class=\"flip-box ifb-jq-height  horizontal_flip_left flip-ifb-jq-height\"  style=\"\" ><div class=\"ifb-flip-box\" id=\"flip-box-wrap-4339\"><div class=\"ifb-face ifb-front \" style=\"color:#333333;background:#efefef; border-width: 2px;border-style: solid; border-color:#a4a4a4; border-radius: px;\">\r\n\t\t\t\t\t\t\t<div class=\"ifb-flip-box-section \">\r\n\t\t\t\t\t\t\t<div class=\"flip-box-icon\"><div class=\"ult-just-icon-wrapper  \"><div class=\"align-icon\" style=\"text-align:center;\">\n<div class=\"aio-icon none \"  style=\"color:#333333;font-size:32px;display:inline-block;\">\n\t<i class=\"Defaults-file-o\"><\/i>\n<\/div><\/div><\/div><\/div><h3 class=\"ult-responsive flipbox_heading\"  data-ultimate-target='#flip-box-wrap-4339 .ult-responsive.flipbox_heading'  data-responsive-json-new='{\"font-size\":\"\",\"line-height\":\"\"}'  style=\"color:#333333; \">plaquette<\/h3><\/div><\/div><!-- END .front -->\r\n\t\t\t\t\t\t<div class=\"ifb-face ifb-back\" style=\"color:#333333;background:#efefef; border-width: 2px;border-style: solid; border-color:#a4a4a4; border-radius: px;\">\r\n\t\t\t\t\t\t\t<div class=\"ifb-flip-box-section \"><div class=\"ifb-desc-back\"><div class=\"ifb-flip-box-section-content ult-responsive\"  data-ultimate-target='#flip-box-wrap-4339 .ifb-flip-box-section-content.ult-responsive'  data-responsive-json-new='{\"font-size\":\"\",\"line-height\":\"\"}'  style=\"color:#333333;color:#333333;\"><p>la plaquette<br \/>\ndu spectacle<\/p><\/div><\/div><div class=\"flip_link\"><a href=\"https:\/\/cyrknop.fr\/wp-content\/uploads\/2020\/10\/plaquette-Enfant-Plume.pdf\"  style=\"background:#00596b; color:#ffffff;\">t\u00e9l\u00e9charger<\/a><\/div><\/div><\/div><!-- END .back --><\/div> <!-- ifb-flip-box --><\/div> <!-- flip-box --><\/div><!-- End icon block -->[\/vc_column][vc_column width=\u00a0\u00bb1\/3&Prime;][\/vc_column][vc_column width=\u00a0\u00bb1\/3&Prime;][\/vc_column][\/vc_row]<\/p>\n","protected":false},"excerpt":{"rendered":"<p>[vc_row][vc_column][vc_column_text] L&rsquo;Enfant Plume Conte visuel et po\u00e9tique Jeune Public [\/vc_column_text][vc_video link=\u00a0\u00bbhttps:\/\/vimeo.com\/12666633&Prime; el_aspect=\u00a0\u00bb43&Prime;][\/vc_column][\/vc_row][vc_row][vc_column][vc_column_text]\u00a0\u00bbChfuiiittt&#8230; Le souffle du vent&#8230; Quand on \u00e9coute le vent, on entend d&rsquo;\u00e9tranges sons: ce sont des histoires&#8230;\u00a0\u00bb Plume est si l\u00e9ger qu\u2019un jour le vent l\u2019emporte\u2026 Pour retrouver les siens, il devra affronter les diff\u00e9rents \u00e9l\u00e9ments. Ce voyage nous entra\u00eene l\u00e0 o\u00f9 soufflent [&hellip;]<\/p>\n","protected":false},"author":1,"featured_media":0,"parent":35,"menu_order":0,"comment_status":"closed","ping_status":"closed","template":"","meta":[],"_links":{"self":[{"href":"https:\/\/cyrknop.fr\/index.php\/wp-json\/wp\/v2\/pages\/43"}],"collection":[{"href":"https:\/\/cyrknop.fr\/index.php\/wp-json\/wp\/v2\/pages"}],"about":[{"href":"https:\/\/cyrknop.fr\/index.php\/wp-json\/wp\/v2\/types\/page"}],"author":[{"embeddable":true,"href":"https:\/\/cyrknop.fr\/index.php\/wp-json\/wp\/v2\/users\/1"}],"replies":[{"embeddable":true,"href":"https:\/\/cyrknop.fr\/index.php\/wp-json\/wp\/v2\/comments?post=43"}],"version-history":[{"count":7,"href":"https:\/\/cyrknop.fr\/index.php\/wp-json\/wp\/v2\/pages\/43\/revisions"}],"predecessor-version":[{"id":337,"href":"https:\/\/cyrknop.fr\/index.php\/wp-json\/wp\/v2\/pages\/43\/revisions\/337"}],"up":[{"embeddable":true,"href":"https:\/\/cyrknop.fr\/index.php\/wp-json\/wp\/v2\/pages\/35"}],"wp:attachment":[{"href":"https:\/\/cyrknop.fr\/index.php\/wp-json\/wp\/v2\/media?parent=43"}],"curies":[{"name":"wp","href":"https:\/\/api.w.org\/{rel}","templated":true}]}}