{"id":22,"date":"2020-10-06T13:20:06","date_gmt":"2020-10-06T11:20:06","guid":{"rendered":"https:\/\/cyrknop.fr\/?page_id=22"},"modified":"2020-10-06T13:59:30","modified_gmt":"2020-10-06T11:59:30","slug":"compagnie-2","status":"publish","type":"page","link":"https:\/\/cyrknop.fr\/index.php\/compagnie-2\/","title":{"rendered":"Compagnie"},"content":{"rendered":"<p>[vc_row][vc_column][vc_column_text]<\/p>\n<h4>La Compagnie CYRK NOP<\/h4>\n<p>Yan Bernard fonde la compagnie Cyrk Nop lors de la cr\u00e9ation D\u2019ici Dans, spectacle laur\u00e9at des Jeunes Talents Cirque en 2006.<br \/>\nD\u2019autres spectacles pluridisciplinaires s\u2019en sont suivis, vous trouverez une pr\u00e9sentation de chacun sur ce site !<\/p>\n<p>Yan Bernard porte un subtil regard sur notre quotidien, sa principale recherche s\u2019axe sur l\u2019objet ; il les construit et les manipule jusqu\u2019\u00e0 d\u00e9tenir le fin mot d\u2019une histoire po\u00e9tique. Il aime m\u00ealer diff\u00e9rentes disciplines artistiques \u00e0 chaque nouvelles pi\u00e8ces (que ce soit la musique, la danse, les marionnettes, les arts plastiques\u2026).<\/p>\n<p>D&rsquo;autres artistes interviennent et, par la discipline qui leur est propre, accompagnent, travaillent ou posent un regard particulier sur les cr\u00e9ations de la compagnies.<br \/>\nDe son c\u00f4t\u00e9, l&rsquo;\u00e9quipe du bureau s\u2019occupe de la coordination et de la diffusion.<\/p>\n<p>La Compagnie cherche avant tout \u00e0 \u00e9tablir une rencontre artistique pour tout public. Pour la plupart de ses cr\u00e9ations, elle est en compl\u00e8te autonomie et s\u2019adapte \u00e0 divers lieux ! Quant aux cr\u00e9ations Jeune Public, elles sont en liens \u00e9troits avec les projets des \u00e9coles.[\/vc_column_text][\/vc_column][\/vc_row][vc_row][vc_column][vc_column_text]<\/p>\n<h4 align=\"left\">Yan BERNARD<\/h4>\n<p>Dipl\u00f4m\u00e9 du Centre National des Arts du Cirque, Yan Bernard est jongleur, manipulateur et inventeur d\u2019objets sc\u00e9niques.<\/p>\n<p>En tant qu\u2019interpr\u00e8te, il travaille avec diverses compagnies; de musique, de th\u00e9\u00e2tre, de cirque. Il s\u2019engage aussi sur des cr\u00e9ations aux esth\u00e9tiques crois\u00e9es et collabore notamment avec Trafic de Styles, Compagnie de Hip-hop.<\/p>\n<p>Passionn\u00e9, il con\u00e7oit et r\u00e9alise des dispositifs sc\u00e9niques, des objets articul\u00e9s, command\u00e9s \u00e0 distance; pour ses cr\u00e9ations ainsi que pour d\u2019autres compagnies. En 2013, il a invent\u00e9 les machineries et assist\u00e9 la mise en sc\u00e8ne pour la derni\u00e8re cr\u00e9ation du Cirque Plume : Tempus Fugit.[\/vc_column_text][\/vc_column][\/vc_row]<\/p>\n","protected":false},"excerpt":{"rendered":"<p>[vc_row][vc_column][vc_column_text] La Compagnie CYRK NOP Yan Bernard fonde la compagnie Cyrk Nop lors de la cr\u00e9ation D\u2019ici Dans, spectacle laur\u00e9at des Jeunes Talents Cirque en 2006. D\u2019autres spectacles pluridisciplinaires s\u2019en sont suivis, vous trouverez une pr\u00e9sentation de chacun sur ce site ! Yan Bernard porte un subtil regard sur notre quotidien, sa principale recherche s\u2019axe [&hellip;]<\/p>\n","protected":false},"author":1,"featured_media":0,"parent":0,"menu_order":0,"comment_status":"closed","ping_status":"closed","template":"","meta":[],"_links":{"self":[{"href":"https:\/\/cyrknop.fr\/index.php\/wp-json\/wp\/v2\/pages\/22"}],"collection":[{"href":"https:\/\/cyrknop.fr\/index.php\/wp-json\/wp\/v2\/pages"}],"about":[{"href":"https:\/\/cyrknop.fr\/index.php\/wp-json\/wp\/v2\/types\/page"}],"author":[{"embeddable":true,"href":"https:\/\/cyrknop.fr\/index.php\/wp-json\/wp\/v2\/users\/1"}],"replies":[{"embeddable":true,"href":"https:\/\/cyrknop.fr\/index.php\/wp-json\/wp\/v2\/comments?post=22"}],"version-history":[{"count":2,"href":"https:\/\/cyrknop.fr\/index.php\/wp-json\/wp\/v2\/pages\/22\/revisions"}],"predecessor-version":[{"id":109,"href":"https:\/\/cyrknop.fr\/index.php\/wp-json\/wp\/v2\/pages\/22\/revisions\/109"}],"wp:attachment":[{"href":"https:\/\/cyrknop.fr\/index.php\/wp-json\/wp\/v2\/media?parent=22"}],"curies":[{"name":"wp","href":"https:\/\/api.w.org\/{rel}","templated":true}]}}